{"id":75,"date":"2023-11-01T10:54:11","date_gmt":"2023-11-01T10:54:11","guid":{"rendered":"https:\/\/kreuzer-psychotherapie.de\/?page_id=75"},"modified":"2023-11-01T17:37:03","modified_gmt":"2023-11-01T17:37:03","slug":"psychoanalyse","status":"publish","type":"page","link":"https:\/\/kreuzer-psychotherapie.de\/?page_id=75","title":{"rendered":"Psychoanalyse"},"content":{"rendered":"\n<p>hat das Ziel, tiefer liegende Probleme, die durch Erlebnisse der Kindheit (oder auch sp\u00e4ter) ins Unbewusste abgedr\u00e4ngt wurden, wieder bewusst zu werden zu lassen. <\/p>\n\n\n\n<p>Es geht um fr\u00fchere Pr\u00e4gungen, Traumatisierungen und fr\u00fche Mangelzust\u00e4nde, die in der unterst\u00fctzenden und sicheren Atmosph\u00e4re der Therapie wieder bewusst gemacht und im Gegensatz zur urspr\u00fcnglichen Situation betrauert und somit verarbeitet werden k\u00f6nnen.<\/p>\n\n\n\n<p>Hierzu ist ein festes Zeitsetting (ca. 2-3 mal\/Woche) erforderlich, um die R\u00fcckkehr zu den traumatisierenden Erlebnissen zu erm\u00f6glichen. Die Analyse dauert ca. 2-3 Jahre, da die gesamte Entwicklung des Klienten angeschaut und die wesentlichen unbewussten Konflikte durchgearbeitet werden m\u00fcssen. Neben dieser Arbeit in der Vergangenheit gibt es auch in der Gegenwart meist eine sp\u00fcrbare Entlastung, da die Konflikte, die in das gegenw\u00e4rtige Leben hineingewirkt haben (z.B. durch Symptome oder Beziehungsst\u00f6rungen) jetzt einer angemessenen L\u00f6sung zug\u00e4nglich sind. <\/p>\n\n\n\n<p>Die psychoanalytische Psychotherapie braucht deswegen eine l\u00e4ngere Zeit, da es nicht nur um die Beseitigung der Symptome, sondern um die tiefer liegenden Ursachen der seelischen St\u00f6rungen geht.<\/p>\n\n\n\n<p>Die Krankenkasse bewilligt bei medizinischer Behandlungsbed\u00fcrftigkeit im ersten Schritt in der Regel 160 Stunden. Ebenso wie bei der tiefenpsychologisch fundierten Psychotherapie stellt der Gutachter der Krankenkasse die Indikation fest. <br>Bei Notwendigkeit k\u00f6nnen nochmals 80 Stunden bewilligt werden.<\/p>\n","protected":false},"excerpt":{"rendered":"<p>hat das Ziel, tiefer liegende Probleme, die durch Erlebnisse der Kindheit (oder auch sp\u00e4ter) ins Unbewusste abgedr\u00e4ngt wurden, wieder bewusst zu werden zu lassen. Es geht um fr\u00fchere Pr\u00e4gungen, Traumatisierungen und fr\u00fche Mangelzust\u00e4nde, die in der unterst\u00fctzenden und sicheren Atmosph\u00e4re der Therapie wieder bewusst gemacht und im Gegensatz zur urspr\u00fcnglichen Situation betrauert und somit verarbeitet &hellip; <\/p>\n<p class=\"link-more\"><a href=\"https:\/\/kreuzer-psychotherapie.de\/?page_id=75\" class=\"more-link\"><span class=\"screen-reader-text\">\u201ePsychoanalyse\u201c<\/span> weiterlesen<\/a><\/p>\n","protected":false},"author":1,"featured_media":0,"parent":63,"menu_order":2,"comment_status":"closed","ping_status":"closed","template":"","meta":{"footnotes":""},"class_list":["post-75","page","type-page","status-publish","hentry"],"_links":{"self":[{"href":"https:\/\/kreuzer-psychotherapie.de\/index.php?rest_route=\/wp\/v2\/pages\/75","targetHints":{"allow":["GET"]}}],"collection":[{"href":"https:\/\/kreuzer-psychotherapie.de\/index.php?rest_route=\/wp\/v2\/pages"}],"about":[{"href":"https:\/\/kreuzer-psychotherapie.de\/index.php?rest_route=\/wp\/v2\/types\/page"}],"author":[{"embeddable":true,"href":"https:\/\/kreuzer-psychotherapie.de\/index.php?rest_route=\/wp\/v2\/users\/1"}],"replies":[{"embeddable":true,"href":"https:\/\/kreuzer-psychotherapie.de\/index.php?rest_route=%2Fwp%2Fv2%2Fcomments&post=75"}],"version-history":[{"count":6,"href":"https:\/\/kreuzer-psychotherapie.de\/index.php?rest_route=\/wp\/v2\/pages\/75\/revisions"}],"predecessor-version":[{"id":145,"href":"https:\/\/kreuzer-psychotherapie.de\/index.php?rest_route=\/wp\/v2\/pages\/75\/revisions\/145"}],"up":[{"embeddable":true,"href":"https:\/\/kreuzer-psychotherapie.de\/index.php?rest_route=\/wp\/v2\/pages\/63"}],"wp:attachment":[{"href":"https:\/\/kreuzer-psychotherapie.de\/index.php?rest_route=%2Fwp%2Fv2%2Fmedia&parent=75"}],"curies":[{"name":"wp","href":"https:\/\/api.w.org\/{rel}","templated":true}]}}