{"id":71,"date":"2023-11-01T10:53:06","date_gmt":"2023-11-01T10:53:06","guid":{"rendered":"https:\/\/kreuzer-psychotherapie.de\/?page_id=71"},"modified":"2023-11-01T17:34:24","modified_gmt":"2023-11-01T17:34:24","slug":"tiefenpsychologisch-fundierte-kurzzeittherapie","status":"publish","type":"page","link":"https:\/\/kreuzer-psychotherapie.de\/?page_id=71","title":{"rendered":"Tiefenpsychologisch fundierte Kurzzeittherapie"},"content":{"rendered":"\n<p>Diese Therapieform umfasst max. 24 Stunden und bedarf einer Bewilligung der Krankenkasse. <\/p>\n\n\n\n<p>Sie dient in der Regel der Krisenintervention, um aktuelle und \u00fcberschaubare Konflikte anzuschauen und einer L\u00f6sung zug\u00e4nglich zu machen. <\/p>\n\n\n\n<p>Zus\u00e4tzlich kann in dieser Zeit aber auch die Indikation f\u00fcr eine Langzeittherapie erhoben werden. Diese ist dann entweder eine tiefenpsychologisch fundierte Psychotherapie oder eine Psychoanalyse.<\/p>\n","protected":false},"excerpt":{"rendered":"<p>Diese Therapieform umfasst max. 24 Stunden und bedarf einer Bewilligung der Krankenkasse. Sie dient in der Regel der Krisenintervention, um aktuelle und \u00fcberschaubare Konflikte anzuschauen und einer L\u00f6sung zug\u00e4nglich zu machen. Zus\u00e4tzlich kann in dieser Zeit aber auch die Indikation f\u00fcr eine Langzeittherapie erhoben werden. Diese ist dann entweder eine tiefenpsychologisch fundierte Psychotherapie oder eine &hellip; <\/p>\n<p class=\"link-more\"><a href=\"https:\/\/kreuzer-psychotherapie.de\/?page_id=71\" class=\"more-link\"><span class=\"screen-reader-text\">\u201eTiefenpsychologisch fundierte Kurzzeittherapie\u201c<\/span> weiterlesen<\/a><\/p>\n","protected":false},"author":1,"featured_media":0,"parent":63,"menu_order":0,"comment_status":"closed","ping_status":"closed","template":"","meta":{"footnotes":""},"class_list":["post-71","page","type-page","status-publish","hentry"],"_links":{"self":[{"href":"https:\/\/kreuzer-psychotherapie.de\/index.php?rest_route=\/wp\/v2\/pages\/71","targetHints":{"allow":["GET"]}}],"collection":[{"href":"https:\/\/kreuzer-psychotherapie.de\/index.php?rest_route=\/wp\/v2\/pages"}],"about":[{"href":"https:\/\/kreuzer-psychotherapie.de\/index.php?rest_route=\/wp\/v2\/types\/page"}],"author":[{"embeddable":true,"href":"https:\/\/kreuzer-psychotherapie.de\/index.php?rest_route=\/wp\/v2\/users\/1"}],"replies":[{"embeddable":true,"href":"https:\/\/kreuzer-psychotherapie.de\/index.php?rest_route=%2Fwp%2Fv2%2Fcomments&post=71"}],"version-history":[{"count":4,"href":"https:\/\/kreuzer-psychotherapie.de\/index.php?rest_route=\/wp\/v2\/pages\/71\/revisions"}],"predecessor-version":[{"id":141,"href":"https:\/\/kreuzer-psychotherapie.de\/index.php?rest_route=\/wp\/v2\/pages\/71\/revisions\/141"}],"up":[{"embeddable":true,"href":"https:\/\/kreuzer-psychotherapie.de\/index.php?rest_route=\/wp\/v2\/pages\/63"}],"wp:attachment":[{"href":"https:\/\/kreuzer-psychotherapie.de\/index.php?rest_route=%2Fwp%2Fv2%2Fmedia&parent=71"}],"curies":[{"name":"wp","href":"https:\/\/api.w.org\/{rel}","templated":true}]}}