{"id":69,"date":"2023-11-01T10:49:11","date_gmt":"2023-11-01T10:49:11","guid":{"rendered":"https:\/\/kreuzer-psychotherapie.de\/?page_id=69"},"modified":"2023-11-01T10:51:37","modified_gmt":"2023-11-01T10:51:37","slug":"vermittlungsstellen-fuer-psychotherapie","status":"publish","type":"page","link":"https:\/\/kreuzer-psychotherapie.de\/?page_id=69","title":{"rendered":"VERMITTLUNGSSTELLEN F\u00dcR PSYCHOTHERAPIE"},"content":{"rendered":"\n<p>Die verschiedenen psychoanalytischen Ausbildungsinstitute haben in der Regel eine Vermittlungsstelle f\u00fcr Psychotherapie, wo Sie binnen einer angemessenen Zeit einen Therapieplatz vermittelt bekommen. Des Weiteren gibt es verschiedene Organisationen und Berufsverb\u00e4nde, die freie Therapiepl\u00e4tze vermitteln.<\/p>\n\n\n\n<p>Hier eine Auswahl:<\/p>\n\n\n\n<p><br><a rel=\"noreferrer noopener\" href=\"https:\/\/bipp-berlin.de\/ambulanz-vermittlungsstelle\" target=\"_blank\"><strong>BIPP Berliner Institut f\u00fcr Psychotherapie und Psychoanalyse e.V.<\/strong><\/a><\/p>\n\n\n\n<p><a rel=\"noreferrer noopener\" href=\"http:\/\/www.psychotherapiesuche.de\/\" target=\"_blank\"><strong>Psychotherapie Informationsdienst<\/strong><\/a><\/p>\n\n\n\n<p><a rel=\"noreferrer noopener\" href=\"https:\/\/www.therapie.de\/psyche\/der\/verein\/ueber-uns\/\" target=\"_blank\"><strong>Pro Psychotherapie e.V.<\/strong><\/a><\/p>\n\n\n\n<p><a rel=\"noreferrer noopener\" href=\"http:\/\/www.kvberlin.de\/\" target=\"_blank\"><strong>Kassen\u00e4rztliche Vereinigung Berlin<\/strong><\/a><\/p>\n\n\n\n<p><a rel=\"noreferrer noopener\" href=\"http:\/\/www.aerztekammer-berlin.de\/\" target=\"_blank\"><strong>\u00c4rztekammer Berlin<\/strong><\/a><\/p>\n","protected":false},"excerpt":{"rendered":"<p>Die verschiedenen psychoanalytischen Ausbildungsinstitute haben in der Regel eine Vermittlungsstelle f\u00fcr Psychotherapie, wo Sie binnen einer angemessenen Zeit einen Therapieplatz vermittelt bekommen. Des Weiteren gibt es verschiedene Organisationen und Berufsverb\u00e4nde, die freie Therapiepl\u00e4tze vermitteln. Hier eine Auswahl: BIPP Berliner Institut f\u00fcr Psychotherapie und Psychoanalyse e.V. Psychotherapie Informationsdienst Pro Psychotherapie e.V. Kassen\u00e4rztliche Vereinigung Berlin \u00c4rztekammer Berlin<\/p>\n","protected":false},"author":1,"featured_media":0,"parent":61,"menu_order":3,"comment_status":"closed","ping_status":"closed","template":"","meta":{"footnotes":""},"class_list":["post-69","page","type-page","status-publish","hentry"],"_links":{"self":[{"href":"https:\/\/kreuzer-psychotherapie.de\/index.php?rest_route=\/wp\/v2\/pages\/69","targetHints":{"allow":["GET"]}}],"collection":[{"href":"https:\/\/kreuzer-psychotherapie.de\/index.php?rest_route=\/wp\/v2\/pages"}],"about":[{"href":"https:\/\/kreuzer-psychotherapie.de\/index.php?rest_route=\/wp\/v2\/types\/page"}],"author":[{"embeddable":true,"href":"https:\/\/kreuzer-psychotherapie.de\/index.php?rest_route=\/wp\/v2\/users\/1"}],"replies":[{"embeddable":true,"href":"https:\/\/kreuzer-psychotherapie.de\/index.php?rest_route=%2Fwp%2Fv2%2Fcomments&post=69"}],"version-history":[{"count":1,"href":"https:\/\/kreuzer-psychotherapie.de\/index.php?rest_route=\/wp\/v2\/pages\/69\/revisions"}],"predecessor-version":[{"id":70,"href":"https:\/\/kreuzer-psychotherapie.de\/index.php?rest_route=\/wp\/v2\/pages\/69\/revisions\/70"}],"up":[{"embeddable":true,"href":"https:\/\/kreuzer-psychotherapie.de\/index.php?rest_route=\/wp\/v2\/pages\/61"}],"wp:attachment":[{"href":"https:\/\/kreuzer-psychotherapie.de\/index.php?rest_route=%2Fwp%2Fv2%2Fmedia&parent=69"}],"curies":[{"name":"wp","href":"https:\/\/api.w.org\/{rel}","templated":true}]}}