{"id":67,"date":"2023-11-01T10:48:09","date_gmt":"2023-11-01T10:48:09","guid":{"rendered":"https:\/\/kreuzer-psychotherapie.de\/?page_id=67"},"modified":"2023-11-01T10:51:20","modified_gmt":"2023-11-01T10:51:20","slug":"berufsrechtliche-regelungen","status":"publish","type":"page","link":"https:\/\/kreuzer-psychotherapie.de\/?page_id=67","title":{"rendered":"BERUFSRECHTLICHE REGELUNGEN"},"content":{"rendered":"\n<p><strong>Es gelten folgende berufsrechtliche Regelungen:<\/strong><\/p>\n\n\n\n<ul class=\"wp-block-list\">\n<li>Psychotherapeutengesetz<\/li>\n\n\n\n<li>Psychotherapie-Richtlinien<\/li>\n<\/ul>\n\n\n\n<p>Diese Regelungen, sowie weiterf\u00fchrende Links zu diesen, k\u00f6nnen Sie auf der Webpr\u00e4senz der&nbsp;Berliner Psychotherapeutenkammer in der Rubrik &#8222;Rechtliches&#8220; einsehen.<\/p>\n\n\n\n<p>Zust\u00e4ndige Kammern und Aufsichtsstellen:<\/p>\n\n\n\n<p>Kammer f\u00fcr Psychologische Psychotherapeuten und Kinder- und Jugendlichenpsychotherapeuten im Land Berlin<br><br>Kurf\u00fcrstendamm 184 | 10707 Berlin<br>Fon: 030 887140-0 | Fax: 030 887140-40<br><strong><a rel=\"noreferrer noopener\" href=\"http:\/\/www.psychotherapeutenkammer-berlin.de\/\" target=\"_blank\">Psychotherapeutenkammer Berlin<\/a>&nbsp;&nbsp;<\/strong><\/p>\n\n\n\n<p>Zugelassen bei der Kassen\u00e4rztlichen Vereinigung Berlin f\u00fcr analytische Psychotherapie als Einzeltherapie, Eintragung in das Arztregister des KVB.<\/p>\n","protected":false},"excerpt":{"rendered":"<p>Es gelten folgende berufsrechtliche Regelungen: Diese Regelungen, sowie weiterf\u00fchrende Links zu diesen, k\u00f6nnen Sie auf der Webpr\u00e4senz der&nbsp;Berliner Psychotherapeutenkammer in der Rubrik &#8222;Rechtliches&#8220; einsehen. Zust\u00e4ndige Kammern und Aufsichtsstellen: Kammer f\u00fcr Psychologische Psychotherapeuten und Kinder- und Jugendlichenpsychotherapeuten im Land Berlin Kurf\u00fcrstendamm 184 | 10707 BerlinFon: 030 887140-0 | Fax: 030 887140-40Psychotherapeutenkammer Berlin&nbsp;&nbsp; Zugelassen bei der Kassen\u00e4rztlichen &hellip; <\/p>\n<p class=\"link-more\"><a href=\"https:\/\/kreuzer-psychotherapie.de\/?page_id=67\" class=\"more-link\"><span class=\"screen-reader-text\">\u201eBERUFSRECHTLICHE REGELUNGEN\u201c<\/span> weiterlesen<\/a><\/p>\n","protected":false},"author":1,"featured_media":0,"parent":61,"menu_order":2,"comment_status":"closed","ping_status":"closed","template":"","meta":{"footnotes":""},"class_list":["post-67","page","type-page","status-publish","hentry"],"_links":{"self":[{"href":"https:\/\/kreuzer-psychotherapie.de\/index.php?rest_route=\/wp\/v2\/pages\/67","targetHints":{"allow":["GET"]}}],"collection":[{"href":"https:\/\/kreuzer-psychotherapie.de\/index.php?rest_route=\/wp\/v2\/pages"}],"about":[{"href":"https:\/\/kreuzer-psychotherapie.de\/index.php?rest_route=\/wp\/v2\/types\/page"}],"author":[{"embeddable":true,"href":"https:\/\/kreuzer-psychotherapie.de\/index.php?rest_route=\/wp\/v2\/users\/1"}],"replies":[{"embeddable":true,"href":"https:\/\/kreuzer-psychotherapie.de\/index.php?rest_route=%2Fwp%2Fv2%2Fcomments&post=67"}],"version-history":[{"count":1,"href":"https:\/\/kreuzer-psychotherapie.de\/index.php?rest_route=\/wp\/v2\/pages\/67\/revisions"}],"predecessor-version":[{"id":68,"href":"https:\/\/kreuzer-psychotherapie.de\/index.php?rest_route=\/wp\/v2\/pages\/67\/revisions\/68"}],"up":[{"embeddable":true,"href":"https:\/\/kreuzer-psychotherapie.de\/index.php?rest_route=\/wp\/v2\/pages\/61"}],"wp:attachment":[{"href":"https:\/\/kreuzer-psychotherapie.de\/index.php?rest_route=%2Fwp%2Fv2%2Fmedia&parent=67"}],"curies":[{"name":"wp","href":"https:\/\/api.w.org\/{rel}","templated":true}]}}