{"id":63,"date":"2023-11-01T10:46:29","date_gmt":"2023-11-01T10:46:29","guid":{"rendered":"https:\/\/kreuzer-psychotherapie.de\/?page_id=63"},"modified":"2023-11-01T10:50:44","modified_gmt":"2023-11-01T10:50:44","slug":"fragen","status":"publish","type":"page","link":"https:\/\/kreuzer-psychotherapie.de\/?page_id=63","title":{"rendered":"FRAGEN"},"content":{"rendered":"\n<p><strong>PROCEDERE<\/strong><\/p>\n\n\n\n<p>Sie vereinbaren zu o. g. Telefonzeiten einen Termin f\u00fcr ein Erstgespr\u00e4ch. Hier wird die Indikation f\u00fcr eine psychoanalytische Behandlung gekl\u00e4rt. Ebenso wichtig ist, ob zwischen Klienten und Therapeuten auch ein inneres Verst\u00e4ndnis vorhanden ist d.h., dass das Unbewusste beider miteinander in Verbindung treten kann. Wenn es eine medizinische Indikation f\u00fcr eine psychotherapeutische Behandlung gibt, k\u00f6nnen schon die ersten Termine (sog. probatorische Sitzungen) \u00fcber Ihre Versichertenkarte abgerechnet werden. Wenn Sie eine private Krankenversicherung haben, kl\u00e4ren Sie bitte vorher den Umfang der Kosten\u00fcbernahme ab.<\/p>\n\n\n\n<p><strong>DAUER EINER PSYCHOTHERAPIE UND VERSCHIEDENE VERFAHREN<\/strong><\/p>\n\n\n\n<p><strong>1. Tiefenpsychologisch fundierte Kurzzeittherapie<br><\/strong>Diese Therapieform umfasst max. 24 Stunden und wird in der Regel binnen einer Woche von der Krankenkasse bewilligt. Sie dient entweder der Krisenintervention und ist dann nach sp\u00e4testens 25 Stunden beendet oder es wird die Indikation f\u00fcr eine Langzeittherapie gestellt.<\/p>\n\n\n\n<p><a href=\"http:\/\/wordpress.kreuzer-psychotherapie.de\/weiterfuehrende-informationen\/fragen\/tiefenpsychologisch-fundierte-kurzzeittherapie\/\" target=\"_blank\" rel=\"noreferrer noopener\">mehr Informationen<\/a><\/p>\n\n\n\n<p><strong>2. Die Kurzzeitanalyse nach Davanloo<\/strong><br>l\u00f6st lange bestehende Verstrickungen und festgehaltene, verdr\u00e4ngte Gef\u00fchle Ihrer Lebensgeschichte im \u201eHier und Jetzt\u201c der therapeutischen Situation&#8230;<\/p>\n\n\n\n<p><a href=\"http:\/\/wordpress.kreuzer-psychotherapie.de\/weiterfuehrende-informationen\/fragen\/kurzzeitanalyse-nach-davanloo\/\" target=\"_blank\" rel=\"noreferrer noopener\">mehr Informationen<\/a><\/p>\n\n\n\n<p><strong>3. Die Psychoanalyse<\/strong><br>hat das Ziel, tiefer liegende Probleme, die durch Erlebnisse der Kindheit (oder auch sp\u00e4ter) ins Unbewusste abgedr\u00e4ngt wurden, wieder bewusst werden zu lassen. Hierzu ist ein festes Zeitsetting (ca. 2-3 mal\/Woche) erforderlich, um die R\u00fcckkehr zu den traumatisierenden Erlebnissen zu erm\u00f6glichen. Die Analyse dauert ca. 2-3 Jahre, da die gesamte Entwicklung des Klienten angeschaut und die wesentlichen unbewussten Konflikte durchgearbeitet werden m\u00fcssen.<\/p>\n\n\n\n<p><a href=\"http:\/\/wordpress.kreuzer-psychotherapie.de\/weiterfuehrende-informationen\/fragen\/psychoanalyse\/\" target=\"_blank\" rel=\"noreferrer noopener\">mehr Informationen<\/a><\/p>\n\n\n\n<p><strong>4. Verbindung Psychoanalytischer Prozess und Tanz- und K\u00f6rpertherapeutische Arbeit<\/strong><br>Ich habe mich jetzt, nach \u00fcber 40-j\u00e4hriger T\u00e4tigkeit, dazu entschieden, nur noch mit Menschen zu arbeiten, die schon therapeutische Erfahrungen haben und die sich bereit erkl\u00e4ren, zus\u00e4tzlich an den Seminaren teilzunehmen.<\/p>\n\n\n\n<p>Es hat sich gezeigt, dass durch diese Verbindung von Psychoanalyse und Tanz. Bewegung, Imaginieren und Arbeiten mit inneren Bildern, sehr viel schneller wesentliche Themen, aber auch L\u00f6sungsans\u00e4tze gesehen und verstanden werden und wir leichter eine \u201egemeinsame Sprache\u201c entwickeln k\u00f6nnen.<br><br>Seit ca. 8 Jahren arbeite ich auch mit den Techniken der ISTDP, wenn die Gefahr des Selbstverlierens und Selbstzerst\u00f6rens besteht.<\/p>\n\n\n\n<p><strong>KOSTEN<\/strong><\/p>\n\n\n\n<p>Die Kosten f\u00fcr die Richtlinien-Psychotherapie werden auf Antrag und bei Vorliegen einer medizinischen Behandlungsbed\u00fcrftigkeit von allen Ersatz- und RVO-Kassen bis zu 240 Stunden \u00fcbernommen. Private Krankenversicherer haben davon abweichende Vereinbarungen, die Sie aus Ihren Versicherungsunterlagen ersehen oder bei Ihrer Versicherung direkt erfragen k\u00f6nnen. Mein Honorar bei Privatrechnungen richtet sich nach der allgemein g\u00fcltigen GOP (Geb\u00fchrenordnung f\u00fcr psychologische Psychotherapeuten). Die aktuell g\u00fcltigen Honorars\u00e4tze der GOP erhalten Sie auf Anfrage. Die Beihilfe bewilligt in der Regel bei medizinischer Indikation den \u00e4hnlichen Umfang, wie die gesetzlichen Krankenkassen.<\/p>\n\n\n\n<p>Die Kosten f\u00fcr die Seminare m\u00fcssen selbst getragen werden.<\/p>\n\n\n\n<p><strong>SCHWEIGEPFLICHT UND ANTRAGSVERFAHREN<\/strong><\/p>\n\n\n\n<p>Es gilt die im Strafgesetzbuch festgelegte Schweigepflicht. Inhalte der Therapie d\u00fcrfen ohne Erlaubnis des Klienten (schriftliches Einverst\u00e4ndnis) nicht an Dritte (\u00c4rzte oder Therapeuten, andere Institutionen) weitergeben werden. Die Krankenkasse erf\u00e4hrt beim Antrag auf Kurzzeittherapie, der vom Sachbearbeiter bearbeitet wird, lediglich eine allgemeine und kurz gehaltene Begr\u00fcndung, warum diese beantragt wird. In der Regel ist binnen einer Woche die Bewilligung erteilt. Bei der Psychoanalyse wird der Bericht an den Gutachter in einem verschlossenen Umschlag an die Krankenkasse gesandt, den diese an den Gutachter weiterleitet. Er erf\u00e4hrt lediglich die Chiffre-Nr. (Anfangsbuchstaben und Geburtsdatum), den Beruf und den Familienstatus. Damit ist kein Zugang zur Identit\u00e4t des Klienten m\u00f6glich. Die Bearbeitungszeit dauert ca. 6-8 Wochen. Falls Sie schon einmal eine Therapie (Lang- oder Kurzzeittherapie) durchgef\u00fchrt haben, muss diese mindestens 2 Jahre zur\u00fcckliegen. Eine Bewilligung vor diesem Zeitpunkt ist nur in Ausnahmef\u00e4llen m\u00f6glich.<\/p>\n","protected":false},"excerpt":{"rendered":"<p>PROCEDERE Sie vereinbaren zu o. g. Telefonzeiten einen Termin f\u00fcr ein Erstgespr\u00e4ch. Hier wird die Indikation f\u00fcr eine psychoanalytische Behandlung gekl\u00e4rt. Ebenso wichtig ist, ob zwischen Klienten und Therapeuten auch ein inneres Verst\u00e4ndnis vorhanden ist d.h., dass das Unbewusste beider miteinander in Verbindung treten kann. Wenn es eine medizinische Indikation f\u00fcr eine psychotherapeutische Behandlung gibt, &hellip; <\/p>\n<p class=\"link-more\"><a href=\"https:\/\/kreuzer-psychotherapie.de\/?page_id=63\" class=\"more-link\"><span class=\"screen-reader-text\">\u201eFRAGEN\u201c<\/span> weiterlesen<\/a><\/p>\n","protected":false},"author":1,"featured_media":0,"parent":61,"menu_order":0,"comment_status":"closed","ping_status":"closed","template":"","meta":{"footnotes":""},"class_list":["post-63","page","type-page","status-publish","hentry"],"_links":{"self":[{"href":"https:\/\/kreuzer-psychotherapie.de\/index.php?rest_route=\/wp\/v2\/pages\/63","targetHints":{"allow":["GET"]}}],"collection":[{"href":"https:\/\/kreuzer-psychotherapie.de\/index.php?rest_route=\/wp\/v2\/pages"}],"about":[{"href":"https:\/\/kreuzer-psychotherapie.de\/index.php?rest_route=\/wp\/v2\/types\/page"}],"author":[{"embeddable":true,"href":"https:\/\/kreuzer-psychotherapie.de\/index.php?rest_route=\/wp\/v2\/users\/1"}],"replies":[{"embeddable":true,"href":"https:\/\/kreuzer-psychotherapie.de\/index.php?rest_route=%2Fwp%2Fv2%2Fcomments&post=63"}],"version-history":[{"count":1,"href":"https:\/\/kreuzer-psychotherapie.de\/index.php?rest_route=\/wp\/v2\/pages\/63\/revisions"}],"predecessor-version":[{"id":64,"href":"https:\/\/kreuzer-psychotherapie.de\/index.php?rest_route=\/wp\/v2\/pages\/63\/revisions\/64"}],"up":[{"embeddable":true,"href":"https:\/\/kreuzer-psychotherapie.de\/index.php?rest_route=\/wp\/v2\/pages\/61"}],"wp:attachment":[{"href":"https:\/\/kreuzer-psychotherapie.de\/index.php?rest_route=%2Fwp%2Fv2%2Fmedia&parent=63"}],"curies":[{"name":"wp","href":"https:\/\/api.w.org\/{rel}","templated":true}]}}