{"id":57,"date":"2023-11-01T10:41:41","date_gmt":"2023-11-01T10:41:41","guid":{"rendered":"https:\/\/kreuzer-psychotherapie.de\/?page_id=57"},"modified":"2023-11-01T10:42:14","modified_gmt":"2023-11-01T10:42:14","slug":"behandlungsschwerpunkte","status":"publish","type":"page","link":"https:\/\/kreuzer-psychotherapie.de\/?page_id=57","title":{"rendered":"BEHANDLUNGSSCHWERPUNKTE"},"content":{"rendered":"\n<p>Psychoneurosen<br>Psychosomatische St\u00f6rungen<br>Angstst\u00f6rungen<br>Depressive Erkrankungen<br>Essst\u00f6rungen<br>Sexueller Missbrauch<br>Beziehungsprobleme<br>Burn-Out-Zust\u00e4nde<br>Lebenskrisen<br>Paarberatungen<\/p>\n","protected":false},"excerpt":{"rendered":"<p>PsychoneurosenPsychosomatische St\u00f6rungenAngstst\u00f6rungenDepressive ErkrankungenEssst\u00f6rungenSexueller MissbrauchBeziehungsproblemeBurn-Out-Zust\u00e4ndeLebenskrisenPaarberatungen<\/p>\n","protected":false},"author":1,"featured_media":0,"parent":51,"menu_order":2,"comment_status":"closed","ping_status":"closed","template":"","meta":{"footnotes":""},"class_list":["post-57","page","type-page","status-publish","hentry"],"_links":{"self":[{"href":"https:\/\/kreuzer-psychotherapie.de\/index.php?rest_route=\/wp\/v2\/pages\/57","targetHints":{"allow":["GET"]}}],"collection":[{"href":"https:\/\/kreuzer-psychotherapie.de\/index.php?rest_route=\/wp\/v2\/pages"}],"about":[{"href":"https:\/\/kreuzer-psychotherapie.de\/index.php?rest_route=\/wp\/v2\/types\/page"}],"author":[{"embeddable":true,"href":"https:\/\/kreuzer-psychotherapie.de\/index.php?rest_route=\/wp\/v2\/users\/1"}],"replies":[{"embeddable":true,"href":"https:\/\/kreuzer-psychotherapie.de\/index.php?rest_route=%2Fwp%2Fv2%2Fcomments&post=57"}],"version-history":[{"count":1,"href":"https:\/\/kreuzer-psychotherapie.de\/index.php?rest_route=\/wp\/v2\/pages\/57\/revisions"}],"predecessor-version":[{"id":58,"href":"https:\/\/kreuzer-psychotherapie.de\/index.php?rest_route=\/wp\/v2\/pages\/57\/revisions\/58"}],"up":[{"embeddable":true,"href":"https:\/\/kreuzer-psychotherapie.de\/index.php?rest_route=\/wp\/v2\/pages\/51"}],"wp:attachment":[{"href":"https:\/\/kreuzer-psychotherapie.de\/index.php?rest_route=%2Fwp%2Fv2%2Fmedia&parent=57"}],"curies":[{"name":"wp","href":"https:\/\/api.w.org\/{rel}","templated":true}]}}