{"id":55,"date":"2023-11-01T10:38:06","date_gmt":"2023-11-01T10:38:06","guid":{"rendered":"https:\/\/kreuzer-psychotherapie.de\/?page_id=55"},"modified":"2023-11-01T17:26:56","modified_gmt":"2023-11-01T17:26:56","slug":"behandlungsmethoden","status":"publish","type":"page","link":"https:\/\/kreuzer-psychotherapie.de\/?page_id=55","title":{"rendered":"BEHANDLUNGSMETHODEN"},"content":{"rendered":"\n<p>Das Zentrum meiner T\u00e4tigkeit ist die&nbsp;<strong>Psychoanalyse nach C. G. JUNG<\/strong>.&nbsp;<br>Neben der Arbeit mit Tr\u00e4umen, M\u00e4rchen und Mythen kam seit Anfang der 90er Jahre immer mehr auch der&nbsp;<strong>K\u00f6rper<\/strong>&nbsp;in den Mittelpunkt. Er hat ebenso wie das Unbewusste unsere Geschichte &#8222;gespeichert&#8220;.<\/p>\n\n\n\n<p>Seit \u00fcber 30 Jahren habe ich die&nbsp;<strong>analytischen Einzeltherapie mit der Tanz- und K\u00f6rpertherapie verbunden.&nbsp;<\/strong>In w\u00f6chentlichen Gruppen- und auch Wochenendseminaren gemeinsam mit der T\u00e4nzerin, Choreografin und K\u00f6rpertherapeutin (BMC) Katharina Rustler.<\/p>\n\n\n\n<p>Seit einigen Jahren biete ich ein bis zwei mal pro Jahr ein 2-t\u00e4giges Seminar zum Thema der Inneren Stimmen in Berlin an, um meine Arbeit kennenzulernen.<\/p>\n\n\n\n<p>Zus\u00e4tzlich gibt es einmal pro Jahr ein Intensiv-Seminar \u00fcber 4-5 Tage in einem Seminarhaus im Umland von Berlin zum Thema M\u00e4rchen und\/oder Psychosomatik. Dieses Seminar ist fester Bestandteil der Therapie und Voraussetzung f\u00fcr die Durchf\u00fchrung einer Einzeltherapie.<\/p>\n","protected":false},"excerpt":{"rendered":"<p>Das Zentrum meiner T\u00e4tigkeit ist die&nbsp;Psychoanalyse nach C. G. JUNG.&nbsp;Neben der Arbeit mit Tr\u00e4umen, M\u00e4rchen und Mythen kam seit Anfang der 90er Jahre immer mehr auch der&nbsp;K\u00f6rper&nbsp;in den Mittelpunkt. Er hat ebenso wie das Unbewusste unsere Geschichte &#8222;gespeichert&#8220;. Seit \u00fcber 30 Jahren habe ich die&nbsp;analytischen Einzeltherapie mit der Tanz- und K\u00f6rpertherapie verbunden.&nbsp;In w\u00f6chentlichen Gruppen- und &hellip; <\/p>\n<p class=\"link-more\"><a href=\"https:\/\/kreuzer-psychotherapie.de\/?page_id=55\" class=\"more-link\"><span class=\"screen-reader-text\">\u201eBEHANDLUNGSMETHODEN\u201c<\/span> weiterlesen<\/a><\/p>\n","protected":false},"author":1,"featured_media":0,"parent":51,"menu_order":1,"comment_status":"closed","ping_status":"closed","template":"","meta":{"footnotes":""},"class_list":["post-55","page","type-page","status-publish","hentry"],"_links":{"self":[{"href":"https:\/\/kreuzer-psychotherapie.de\/index.php?rest_route=\/wp\/v2\/pages\/55","targetHints":{"allow":["GET"]}}],"collection":[{"href":"https:\/\/kreuzer-psychotherapie.de\/index.php?rest_route=\/wp\/v2\/pages"}],"about":[{"href":"https:\/\/kreuzer-psychotherapie.de\/index.php?rest_route=\/wp\/v2\/types\/page"}],"author":[{"embeddable":true,"href":"https:\/\/kreuzer-psychotherapie.de\/index.php?rest_route=\/wp\/v2\/users\/1"}],"replies":[{"embeddable":true,"href":"https:\/\/kreuzer-psychotherapie.de\/index.php?rest_route=%2Fwp%2Fv2%2Fcomments&post=55"}],"version-history":[{"count":2,"href":"https:\/\/kreuzer-psychotherapie.de\/index.php?rest_route=\/wp\/v2\/pages\/55\/revisions"}],"predecessor-version":[{"id":137,"href":"https:\/\/kreuzer-psychotherapie.de\/index.php?rest_route=\/wp\/v2\/pages\/55\/revisions\/137"}],"up":[{"embeddable":true,"href":"https:\/\/kreuzer-psychotherapie.de\/index.php?rest_route=\/wp\/v2\/pages\/51"}],"wp:attachment":[{"href":"https:\/\/kreuzer-psychotherapie.de\/index.php?rest_route=%2Fwp%2Fv2%2Fmedia&parent=55"}],"curies":[{"name":"wp","href":"https:\/\/api.w.org\/{rel}","templated":true}]}}