{"id":53,"date":"2023-11-01T10:37:13","date_gmt":"2023-11-01T10:37:13","guid":{"rendered":"https:\/\/kreuzer-psychotherapie.de\/?page_id=53"},"modified":"2023-11-28T22:00:50","modified_gmt":"2023-11-28T22:00:50","slug":"praxis","status":"publish","type":"page","link":"https:\/\/kreuzer-psychotherapie.de\/?page_id=53","title":{"rendered":"PRAXIS"},"content":{"rendered":"\n<p>Eva-Maria Kreuzer<br>Fasanenstra\u00dfe 62<br>10719 Berlin<br><br>Fon: 030 88 25 286<br>Fax: 030 88 62 74 66<\/p>\n\n\n\n<p><a href=\"mailto:praxis@kreuzer-psychotherapie.de\" target=\"_blank\" rel=\"noreferrer noopener\">e-mail: praxis@kreuzer-psychotherapie.de<\/a><\/p>\n\n\n\n<p>LAGEPLAN<\/p>\n\n\n\n<p>Die Praxis befindet sich direkt am Fasanenplatz.<br>U-Bahn Spichernstra\u00dfe (U9, U1)&nbsp;<br>U-Bahn Uhlandstra\u00dfe,&nbsp;<br>Bus 249, Haltestelle: Ludwigkirchstra\u00dfe oder Lietzenburger\/Uhlandstra\u00dfe<br>und alle Ku\u00b4-Damm-Busse<\/p>\n\n\n\n<p>F\u00fcr PKW-Fahrer: es gibt Parkraumbewirtschaftung.<\/p>\n\n\n\n<p>TERMINABSPRACHE<\/p>\n\n\n\n<p>Ich f\u00fchre eine sogenannte Bestellpraxis, sodass keine unn\u00f6tigen Wartezeiten entstehen.<br>Um einen Termin zu vereinbaren, rufen Sie bitte montags bis freitags zwischen 10:00 und 11:00 Uhr an.<br>In der \u00fcbrigen Zeit k\u00f6nnen Sie es auch 10 Minuten zur halben oder 10 Minuten zur vollen Stunde (au\u00dfer Mittwochs) versuchen.<\/p>\n","protected":false},"excerpt":{"rendered":"<p>Eva-Maria KreuzerFasanenstra\u00dfe 6210719 Berlin Fon: 030 88 25 286Fax: 030 88 62 74 66 e-mail: praxis@kreuzer-psychotherapie.de LAGEPLAN Die Praxis befindet sich direkt am Fasanenplatz.U-Bahn Spichernstra\u00dfe (U9, U1)&nbsp;U-Bahn Uhlandstra\u00dfe,&nbsp;Bus 249, Haltestelle: Ludwigkirchstra\u00dfe oder Lietzenburger\/Uhlandstra\u00dfeund alle Ku\u00b4-Damm-Busse F\u00fcr PKW-Fahrer: es gibt Parkraumbewirtschaftung. TERMINABSPRACHE Ich f\u00fchre eine sogenannte Bestellpraxis, sodass keine unn\u00f6tigen Wartezeiten entstehen.Um einen Termin zu vereinbaren, &hellip; <\/p>\n<p class=\"link-more\"><a href=\"https:\/\/kreuzer-psychotherapie.de\/?page_id=53\" class=\"more-link\"><span class=\"screen-reader-text\">\u201ePRAXIS\u201c<\/span> weiterlesen<\/a><\/p>\n","protected":false},"author":1,"featured_media":162,"parent":51,"menu_order":0,"comment_status":"closed","ping_status":"closed","template":"","meta":{"footnotes":""},"class_list":["post-53","page","type-page","status-publish","has-post-thumbnail","hentry"],"_links":{"self":[{"href":"https:\/\/kreuzer-psychotherapie.de\/index.php?rest_route=\/wp\/v2\/pages\/53","targetHints":{"allow":["GET"]}}],"collection":[{"href":"https:\/\/kreuzer-psychotherapie.de\/index.php?rest_route=\/wp\/v2\/pages"}],"about":[{"href":"https:\/\/kreuzer-psychotherapie.de\/index.php?rest_route=\/wp\/v2\/types\/page"}],"author":[{"embeddable":true,"href":"https:\/\/kreuzer-psychotherapie.de\/index.php?rest_route=\/wp\/v2\/users\/1"}],"replies":[{"embeddable":true,"href":"https:\/\/kreuzer-psychotherapie.de\/index.php?rest_route=%2Fwp%2Fv2%2Fcomments&post=53"}],"version-history":[{"count":1,"href":"https:\/\/kreuzer-psychotherapie.de\/index.php?rest_route=\/wp\/v2\/pages\/53\/revisions"}],"predecessor-version":[{"id":54,"href":"https:\/\/kreuzer-psychotherapie.de\/index.php?rest_route=\/wp\/v2\/pages\/53\/revisions\/54"}],"up":[{"embeddable":true,"href":"https:\/\/kreuzer-psychotherapie.de\/index.php?rest_route=\/wp\/v2\/pages\/51"}],"wp:featuredmedia":[{"embeddable":true,"href":"https:\/\/kreuzer-psychotherapie.de\/index.php?rest_route=\/wp\/v2\/media\/162"}],"wp:attachment":[{"href":"https:\/\/kreuzer-psychotherapie.de\/index.php?rest_route=%2Fwp%2Fv2%2Fmedia&parent=53"}],"curies":[{"name":"wp","href":"https:\/\/api.w.org\/{rel}","templated":true}]}}