{"id":16,"date":"2023-11-01T10:18:46","date_gmt":"2023-11-01T10:18:46","guid":{"rendered":"https:\/\/kreuzer-psychotherapie.de\/?page_id=16"},"modified":"2023-11-28T21:59:21","modified_gmt":"2023-11-28T21:59:21","slug":"ueber-uns","status":"publish","type":"page","link":"https:\/\/kreuzer-psychotherapie.de\/?page_id=16","title":{"rendered":"ZUR PERSON"},"content":{"rendered":"\n<p><strong>1972<\/strong><br>Abschluss des Studiums der Psychologie an der Humboldt-Universit\u00e4t zu Berlin<\/p>\n\n\n\n<p><strong>1973 &#8211; 1977<\/strong><br>T\u00e4tigkeit im Wilhelm-Griesinger-Krankenhaus in Ost-Berlin<\/p>\n\n\n\n<p><strong>1977 &#8211; 1983<\/strong><br>Wissenschaftliche Mitarbeiterin der Klinik f\u00fcr Kinder- und Jugendpsychiatrie der FU Berlin<\/p>\n\n\n\n<p><strong>1980 &#8211; 1990<\/strong><br>Psychoanalytische Ausbildung am Institut f\u00fcr Psychotherapie e.V. Berlin (nach C. G. Jung)<\/p>\n\n\n\n<p><strong>seit 1984<\/strong><br>Arbeit in freier Praxis als Jung\u00b4sche Psychoanalytikerin<\/p>\n\n\n\n<p><strong>seit 1984<\/strong><br>Weiterbildung in verschiedenen Tanz- und K\u00f6rpertherapeutischen Verfahren (u. a. bei Dr. Elaine V. Siegel, N. Y., Ute Lang, Berlin\/D\u00e4nemark, Christina Arieta, Hamburg), zahlreiche Erfahrungen mit der Hakomi-Therapie und Weiterbildung in systemischer K\u00f6rpertherapie.<\/p>\n\n\n\n<p><strong>seit 1992<\/strong><br>Leitung von tanz- und k\u00f6rpertherapeutischen Selbsterfahrungsgruppen und Wochenendseminaren.&nbsp;<br>Mit verschiedenen Therapeuten: Katharina Rustler (T\u00e4nzerin, Choreographin, BMC-Ausbilderin), Joachim Majunke (systemischer Einzel-, Gruppen- und Familientherapeut), Petra Herzog (Tanztherapeutin) und Ute Lang (Tanztherapeutin).<br>Workshops auf verschiedenen Fachtagungen.<\/p>\n","protected":false},"excerpt":{"rendered":"<p>1972Abschluss des Studiums der Psychologie an der Humboldt-Universit\u00e4t zu Berlin 1973 &#8211; 1977T\u00e4tigkeit im Wilhelm-Griesinger-Krankenhaus in Ost-Berlin 1977 &#8211; 1983Wissenschaftliche Mitarbeiterin der Klinik f\u00fcr Kinder- und Jugendpsychiatrie der FU Berlin 1980 &#8211; 1990Psychoanalytische Ausbildung am Institut f\u00fcr Psychotherapie e.V. Berlin (nach C. G. Jung) seit 1984Arbeit in freier Praxis als Jung\u00b4sche Psychoanalytikerin seit 1984Weiterbildung in &hellip; <\/p>\n<p class=\"link-more\"><a href=\"https:\/\/kreuzer-psychotherapie.de\/?page_id=16\" class=\"more-link\"><span class=\"screen-reader-text\">\u201eZUR PERSON\u201c<\/span> weiterlesen<\/a><\/p>\n","protected":false},"author":1,"featured_media":161,"parent":15,"menu_order":1,"comment_status":"closed","ping_status":"closed","template":"","meta":{"footnotes":""},"class_list":["post-16","page","type-page","status-publish","has-post-thumbnail","hentry"],"_links":{"self":[{"href":"https:\/\/kreuzer-psychotherapie.de\/index.php?rest_route=\/wp\/v2\/pages\/16","targetHints":{"allow":["GET"]}}],"collection":[{"href":"https:\/\/kreuzer-psychotherapie.de\/index.php?rest_route=\/wp\/v2\/pages"}],"about":[{"href":"https:\/\/kreuzer-psychotherapie.de\/index.php?rest_route=\/wp\/v2\/types\/page"}],"author":[{"embeddable":true,"href":"https:\/\/kreuzer-psychotherapie.de\/index.php?rest_route=\/wp\/v2\/users\/1"}],"replies":[{"embeddable":true,"href":"https:\/\/kreuzer-psychotherapie.de\/index.php?rest_route=%2Fwp%2Fv2%2Fcomments&post=16"}],"version-history":[{"count":2,"href":"https:\/\/kreuzer-psychotherapie.de\/index.php?rest_route=\/wp\/v2\/pages\/16\/revisions"}],"predecessor-version":[{"id":50,"href":"https:\/\/kreuzer-psychotherapie.de\/index.php?rest_route=\/wp\/v2\/pages\/16\/revisions\/50"}],"up":[{"embeddable":true,"href":"https:\/\/kreuzer-psychotherapie.de\/index.php?rest_route=\/wp\/v2\/pages\/15"}],"wp:featuredmedia":[{"embeddable":true,"href":"https:\/\/kreuzer-psychotherapie.de\/index.php?rest_route=\/wp\/v2\/media\/161"}],"wp:attachment":[{"href":"https:\/\/kreuzer-psychotherapie.de\/index.php?rest_route=%2Fwp%2Fv2%2Fmedia&parent=16"}],"curies":[{"name":"wp","href":"https:\/\/api.w.org\/{rel}","templated":true}]}}